{"id":3002,"date":"2021-04-22T09:53:38","date_gmt":"2021-04-22T09:53:38","guid":{"rendered":"https:\/\/konte.uix.store\/elementor\/?page_id=3002"},"modified":"2021-04-22T09:53:38","modified_gmt":"2021-04-22T09:53:38","slug":"home-v12","status":"publish","type":"page","link":"https:\/\/mbekkmi-style.groprotex.com\/","title":{"rendered":"Home v12"},"content":{"rendered":"\t\t<div data-elementor-type=\"wp-page\" data-elementor-id=\"3002\" class=\"elementor elementor-3002\">\n\t\t\t\t\t\t\t\t\t<section class=\"elementor-section elementor-top-section elementor-element elementor-element-0628931 elementor-section-full_width elementor-section-height-default elementor-section-height-default\" data-id=\"0628931\" data-element_type=\"section\">\n\t\t\t\t\t\t<div class=\"elementor-container elementor-column-gap-no\">\n\t\t\t\t\t<div class=\"elementor-column elementor-col-100 elementor-top-column elementor-element elementor-element-dee1372\" data-id=\"dee1372\" data-element_type=\"column\">\n\t\t\t<div class=\"elementor-widget-wrap elementor-element-populated\">\n\t\t\t\t\t\t\t\t<div class=\"elementor-element elementor-element-d643dc1 elementor-widget elementor-widget-slider_revolution\" data-id=\"d643dc1\" data-element_type=\"widget\" data-widget_type=\"slider_revolution.default\">\n\t\t\t\t<div class=\"elementor-widget-container\">\n\t\t\t\n\t\t<div class=\"wp-block-themepunch-revslider\">\n\t\t\t<!-- START Section Parallax 1 REVOLUTION SLIDER 6.6.18 --><p class=\"rs-p-wp-fix\"><\/p>\n\t\t\t<rs-module-wrap id=\"rev_slider_1_1_wrapper\" data-source=\"gallery\" style=\"visibility:hidden;background:transparent;padding:0;\">\n\t\t\t\t<rs-module id=\"rev_slider_1_1\" style=\"\" data-version=\"6.6.18\">\n\t\t\t\t\t<rs-slides style=\"overflow: hidden; position: absolute;\">\n\t\t\t\t\t\t<rs-slide style=\"position: absolute;\" data-key=\"rs-1\" data-title=\"Slide\" data-in=\"o:0;\" data-out=\"a:false;\">\n\t\t\t\t\t\t\t<img fetchpriority=\"high\" decoding=\"async\" src=\"\/\/mbekkmi-style.groprotex.com\/wp-content\/plugins\/revslider\/public\/assets\/assets\/dummy.png\" alt=\"\" title=\"Bannie\u0300re Mbegg Mi Style (1)\" width=\"1920\" height=\"1125\" class=\"rev-slidebg tp-rs-img rs-lazyload\" data-lazyload=\"\/\/mbekkmi-style.groprotex.com\/wp-content\/uploads\/2023\/12\/Banniere-Mbegg-Mi-Style-1-1.jpg\" data-parallax=\"3\" data-no-retina>\n<!--\n\t\t\t\t\t\t\t--><rs-group\n\t\t\t\t\t\t\t\tid=\"slider-1-slide-1-layer-2\" \n\t\t\t\t\t\t\t\tdata-type=\"group\"\n\t\t\t\t\t\t\t\tdata-xy=\"x:r;xo:3px,3px,3px,20px;y:b;yo:105px;\"\n\t\t\t\t\t\t\t\tdata-text=\"w:normal;s:20,14,10,6;l:0,18,13,8;\"\n\t\t\t\t\t\t\t\tdata-dim=\"w:125px;h:30px;\"\n\t\t\t\t\t\t\t\tdata-vbility=\"t,t,f,f\"\n\t\t\t\t\t\t\t\tdata-actions='o:click;a:scrollbelow;sp:1000ms;e:power1.inOut;'\n\t\t\t\t\t\t\t\tdata-basealign=\"slide\"\n\t\t\t\t\t\t\t\tdata-rsp_o=\"off\"\n\t\t\t\t\t\t\t\tdata-rsp_bd=\"off\"\n\t\t\t\t\t\t\t\tdata-btrans=\"rZ:270;\"\n\t\t\t\t\t\t\t\tdata-frame_0=\"o:1;\"\n\t\t\t\t\t\t\t\tdata-frame_999=\"o:0;st:w;sA:6000;\"\n\t\t\t\t\t\t\t\tstyle=\"z-index:7;cursor:pointer;\"\n\t\t\t\t\t\t\t><!--\n\t\t\t\t\t\t\t\t--><rs-layer\n\t\t\t\t\t\t\t\t\tid=\"slider-1-slide-1-layer-0\" \n\t\t\t\t\t\t\t\t\tdata-type=\"text\"\n\t\t\t\t\t\t\t\t\tdata-color=\"#161619\"\n\t\t\t\t\t\t\t\t\tdata-xy=\"xo:30px;y:m;\"\n\t\t\t\t\t\t\t\t\tdata-pos=\"a\"\n\t\t\t\t\t\t\t\t\tdata-text=\"w:normal;s:12;l:12;fw:600;\"\n\t\t\t\t\t\t\t\t\tdata-rsp_o=\"off\"\n\t\t\t\t\t\t\t\t\tdata-rsp_bd=\"off\"\n\t\t\t\t\t\t\t\t\tdata-frame_999=\"o:0;st:w;\"\n\t\t\t\t\t\t\t\t\tstyle=\"z-index:7;font-family:function_pro, sans-serif;text-transform:uppercase;cursor:pointer;\"\n\t\t\t\t\t\t\t\t>Scroll Down \n\t\t\t\t\t\t\t\t<\/rs-layer><!--\n\n\t\t\t\t\t\t\t\t--><rs-layer\n\t\t\t\t\t\t\t\t\tid=\"slider-1-slide-1-layer-1\" \n\t\t\t\t\t\t\t\t\tdata-type=\"text\"\n\t\t\t\t\t\t\t\t\tdata-xy=\"y:m;yo:-5px;\"\n\t\t\t\t\t\t\t\t\tdata-pos=\"a\"\n\t\t\t\t\t\t\t\t\tdata-text=\"w:normal;s:20,20,20,0;l:25,25,25,0;\"\n\t\t\t\t\t\t\t\t\tdata-dim=\"w:24px;h:14px;\"\n\t\t\t\t\t\t\t\t\tdata-rsp_o=\"off\"\n\t\t\t\t\t\t\t\t\tdata-rsp_bd=\"off\"\n\t\t\t\t\t\t\t\t\tdata-frame_999=\"o:0;st:w;\"\n\t\t\t\t\t\t\t\t\tstyle=\"z-index:6;font-family:'Roboto';\"\n\t\t\t\t\t\t\t\t><svg viewBox=\"0 0 32 32\"><path d=\"M14,17h14v-2H14V9L4,16l10,7V17z M7.488,15.96L12,12.841V19v0.079L7.488,15.96z\"\/><\/svg> \n\t\t\t\t\t\t\t\t<\/rs-layer><!--\n\t\t\t\t\t\t\t--><\/rs-group><!--\n\n\t\t\t\t\t\t\t--><rs-group\n\t\t\t\t\t\t\t\tid=\"slider-1-slide-1-layer-5\" \n\t\t\t\t\t\t\t\tclass=\"rs-pxl-4\"\n\t\t\t\t\t\t\t\tdata-type=\"group\"\n\t\t\t\t\t\t\t\tdata-xy=\"xo:86px,40px,27px,11px;yo:187px,200px,220px,250px;\"\n\t\t\t\t\t\t\t\tdata-pos=\"a\"\n\t\t\t\t\t\t\t\tdata-text=\"w:normal;s:20,14,10,6;l:0,18,13,8;\"\n\t\t\t\t\t\t\t\tdata-dim=\"w:520px,520px,321px,414px;h:549px,437px,406px,201px;\"\n\t\t\t\t\t\t\t\tdata-basealign=\"slide\"\n\t\t\t\t\t\t\t\tdata-rsp_o=\"off\"\n\t\t\t\t\t\t\t\tdata-rsp_bd=\"off\"\n\t\t\t\t\t\t\t\tdata-frame_0=\"x:NaNpx,NaN,NaN,NaN;y:NaNpx,NaN,NaN,NaN;o:1;\"\n\t\t\t\t\t\t\t\tdata-frame_1=\"x:NaNpx,NaN,NaN,NaN;y:NaNpx,NaN,NaN,NaN;\"\n\t\t\t\t\t\t\t\tdata-frame_999=\"o:0;st:w;sR:5700;sA:6000;\"\n\t\t\t\t\t\t\t\tstyle=\"z-index:6;\"\n\t\t\t\t\t\t\t><!--\n\t\t\t\t\t\t\t\t--><rs-layer\n\t\t\t\t\t\t\t\t\tid=\"slider-1-slide-1-layer-4\" \n\t\t\t\t\t\t\t\t\tdata-type=\"text\"\n\t\t\t\t\t\t\t\t\tdata-color=\"#161619\"\n\t\t\t\t\t\t\t\t\tdata-xy=\"xo:0,-3px,-3px,-3px;yo:0,-14px,-14px,-14px;\"\n\t\t\t\t\t\t\t\t\tdata-pos=\"a\"\n\t\t\t\t\t\t\t\t\tdata-text=\"w:normal;s:100,80,65,40;l:105,90,80,44;fw:600;\"\n\t\t\t\t\t\t\t\t\tdata-dim=\"w:auto,auto,434px,434px;\"\n\t\t\t\t\t\t\t\t\tdata-rsp_o=\"off\"\n\t\t\t\t\t\t\t\t\tdata-rsp_bd=\"off\"\n\t\t\t\t\t\t\t\t\tdata-frame_1=\"e:power4.inOut;sp:800;\"\n\t\t\t\t\t\t\t\t\tdata-frame_999=\"o:0;e:power4.inOut;st:w;sp:1000;sR:5200;\"\n\t\t\t\t\t\t\t\t\tstyle=\"z-index:9;font-family:function_pro, sans-serif;\"\n\t\t\t\t\t\t\t\t>D\u00e9couvrez <br> l'\u00c9l\u00e9gance <br>  S\u00e9n\u00e9galaise  \n\t\t\t\t\t\t\t\t<\/rs-layer><!--\n\n\t\t\t\t\t\t\t\t--><rs-layer\n\t\t\t\t\t\t\t\t\tid=\"slider-1-slide-1-layer-6\" \n\t\t\t\t\t\t\t\t\tdata-type=\"text\"\n\t\t\t\t\t\t\t\t\tdata-color=\"#161619\"\n\t\t\t\t\t\t\t\t\tdata-xy=\"yo:355px,291px,252px,135px;\"\n\t\t\t\t\t\t\t\t\tdata-pos=\"a\"\n\t\t\t\t\t\t\t\t\tdata-text=\"w:normal;s:16,12,11,11;l:24,17,12,7;fw:500;\"\n\t\t\t\t\t\t\t\t\tdata-vbility=\"t,t,t,f\"\n\t\t\t\t\t\t\t\t\tdata-rsp_o=\"off\"\n\t\t\t\t\t\t\t\t\tdata-rsp_bd=\"off\"\n\t\t\t\t\t\t\t\t\tdata-frame_1=\"e:power4.inOut;st:400;sp:800;sR:400;\"\n\t\t\t\t\t\t\t\t\tdata-frame_999=\"o:0;e:power4.inOut;st:w;sp:1000;sR:4800;\"\n\t\t\t\t\t\t\t\t\tstyle=\"z-index:8;font-family:function_pro, sans-serif;\"\n\t\t\t\t\t\t\t\t>Explorez notre collection exclusive de boubous et tenues traditionnelles <br \/>\ns\u00e9n\u00e9galaises. Plongez dans l'authenticit\u00e9 et l'exquis de la mode africaine <br \/>\navec Mbegg Mi Style. \n\t\t\t\t\t\t\t\t<\/rs-layer><!--\n\n\t\t\t\t\t\t\t\t--><rs-layer\n\t\t\t\t\t\t\t\t\tid=\"slider-1-slide-1-layer-7\" \n\t\t\t\t\t\t\t\t\tclass=\"rev-btn\"\n\t\t\t\t\t\t\t\t\tdata-type=\"button\"\n\t\t\t\t\t\t\t\t\tdata-xy=\"xo:0,0,0,-3px;yo:455px,378px,331px,160px;\"\n\t\t\t\t\t\t\t\t\tdata-pos=\"a\"\n\t\t\t\t\t\t\t\t\tdata-text=\"w:normal;s:12,11,11,7;l:60,45,40,34;fw:500;a:center;\"\n\t\t\t\t\t\t\t\t\tdata-dim=\"w:220px,170px,170px,108px;h:60,45px,40px,35px;minh:0,none,none,none;\"\n\t\t\t\t\t\t\t\t\tdata-rsp_o=\"off\"\n\t\t\t\t\t\t\t\t\tdata-rsp_bd=\"off\"\n\t\t\t\t\t\t\t\t\tdata-frame_1=\"e:power4.inOut;st:800;sp:800;sR:800;\"\n\t\t\t\t\t\t\t\t\tdata-frame_999=\"o:0;e:power4.inOut;st:w;sp:1000;sR:4400;\"\n\t\t\t\t\t\t\t\t\tdata-frame_hover=\"bgc:#000;bor:0px,0px,0px,0px;sp:350ms;e:power0.inOut;\"\n\t\t\t\t\t\t\t\t\tstyle=\"z-index:7;background-color:#161619;font-family:function_pro, sans-serif;text-transform:uppercase;\"\n\t\t\t\t\t\t\t\t>DECOUVRIR LA COLLECTION \n\t\t\t\t\t\t\t\t<\/rs-layer><!--\n\n\t\t\t\t\t\t\t\t--><rs-layer\n\t\t\t\t\t\t\t\t\tid=\"slider-1-slide-1-layer-8\" \n\t\t\t\t\t\t\t\t\tclass=\"rev-btn\"\n\t\t\t\t\t\t\t\t\tdata-type=\"button\"\n\t\t\t\t\t\t\t\t\tdata-color=\"#161619\"\n\t\t\t\t\t\t\t\t\tdata-xy=\"xo:240px,186px,180px,108px;yo:455px,377px,331px,160px;\"\n\t\t\t\t\t\t\t\t\tdata-pos=\"a\"\n\t\t\t\t\t\t\t\t\tdata-text=\"w:normal;s:12,11,11,7;l:58,44,39,33;a:center;\"\n\t\t\t\t\t\t\t\t\tdata-dim=\"w:212px,218px,152px,99px;h:60px,46px,41px,35px;minh:0,none,none,none;\"\n\t\t\t\t\t\t\t\t\tdata-rsp_o=\"off\"\n\t\t\t\t\t\t\t\t\tdata-rsp_bd=\"off\"\n\t\t\t\t\t\t\t\t\tdata-border=\"bos:solid;boc:#161619;bow:1px,1px,1px,1px;\"\n\t\t\t\t\t\t\t\t\tdata-frame_1=\"e:power4.inOut;st:800;sp:800;sR:800;\"\n\t\t\t\t\t\t\t\t\tdata-frame_999=\"o:0;e:power4.inOut;st:w;sp:1000;sR:4400;\"\n\t\t\t\t\t\t\t\t\tdata-frame_hover=\"c:#000;boc:#000;bor:0px,0px,0px,0px;bos:solid;bow:1px,1px,1px,1px;sp:200;e:power1.inOut;\"\n\t\t\t\t\t\t\t\t\tstyle=\"z-index:6;font-family:function_pro, sans-serif;text-transform:uppercase;\"\n\t\t\t\t\t\t\t\t>COMMANDER MAINTENANT \n\t\t\t\t\t\t\t\t<\/rs-layer><!--\n\t\t\t\t\t\t\t--><\/rs-group><!--\n-->\t\t\t\t\t\t<\/rs-slide>\n\t\t\t\t\t<\/rs-slides>\n\t\t\t\t<\/rs-module>\n\t\t\t\t<script>\n\t\t\t\t\tsetREVStartSize({c: 'rev_slider_1_1',rl:[1240,1024,778,480],el:[1125,768,960,720],gw:[1400,1024,778,480],gh:[1125,768,960,720],type:'hero',justify:'',layout:'fullscreen',offsetContainer:'',offset:'',mh:\"0\"});if (window.RS_MODULES!==undefined && window.RS_MODULES.modules!==undefined && window.RS_MODULES.modules[\"revslider11\"]!==undefined) {window.RS_MODULES.modules[\"revslider11\"].once = false;window.revapi1 = undefined;if (window.RS_MODULES.checkMinimal!==undefined) window.RS_MODULES.checkMinimal()}\n\t\t\t\t<\/script>\n\t\t\t<\/rs-module-wrap>\n\t\t\t<!-- END REVOLUTION SLIDER -->\n<\/div>\n\n\t\t\t\t<\/div>\n\t\t\t\t<\/div>\n\t\t\t\t\t<\/div>\n\t\t<\/div>\n\t\t\t\t\t\t\t<\/div>\n\t\t<\/section>\n\t\t\t\t<section class=\"elementor-section elementor-top-section elementor-element elementor-element-2377bcb elementor-section-full_width elementor-section-height-default elementor-section-height-default\" data-id=\"2377bcb\" data-element_type=\"section\">\n\t\t\t\t\t\t<div class=\"elementor-container elementor-column-gap-no\">\n\t\t\t\t\t<div class=\"elementor-column elementor-col-100 elementor-top-column elementor-element elementor-element-d09fe76\" data-id=\"d09fe76\" data-element_type=\"column\">\n\t\t\t<div class=\"elementor-widget-wrap elementor-element-populated\">\n\t\t\t\t\t\t\t\t<div class=\"elementor-element elementor-element-8cf7e4f elementor-widget elementor-widget-slider_revolution\" data-id=\"8cf7e4f\" data-element_type=\"widget\" data-widget_type=\"slider_revolution.default\">\n\t\t\t\t<div class=\"elementor-widget-container\">\n\t\t\t\n\t\t<div class=\"wp-block-themepunch-revslider\">\n\t\t\t<!-- START Section Parallax 2 REVOLUTION SLIDER 6.6.18 --><p class=\"rs-p-wp-fix\"><\/p>\n\t\t\t<rs-module-wrap id=\"rev_slider_2_2_wrapper\" data-source=\"gallery\" style=\"visibility:hidden;background:transparent;padding:0;\">\n\t\t\t\t<rs-module id=\"rev_slider_2_2\" style=\"\" data-version=\"6.6.18\">\n\t\t\t\t\t<rs-slides style=\"overflow: hidden; position: absolute;\">\n\t\t\t\t\t\t<rs-slide style=\"position: absolute;\" data-key=\"rs-2\" data-title=\"Slide\" data-in=\"o:0;\" data-out=\"a:false;\">\n\t\t\t\t\t\t\t<img decoding=\"async\" src=\"\/\/mbekkmi-style.groprotex.com\/wp-content\/plugins\/revslider\/public\/assets\/assets\/dummy.png\" alt=\"\" title=\"Bannie\u0300re Mbegg Mi Style 2\" width=\"1920\" height=\"1125\" class=\"rev-slidebg tp-rs-img rs-lazyload\" data-lazyload=\"\/\/mbekkmi-style.groprotex.com\/wp-content\/uploads\/2023\/12\/Banniere-Mbegg-Mi-Style-2.jpg\" data-parallax=\"3\" data-no-retina>\n<!--\n\t\t\t\t\t\t\t--><rs-group\n\t\t\t\t\t\t\t\tid=\"slider-2-slide-2-layer-5\" \n\t\t\t\t\t\t\t\tclass=\"rs-pxl-4\"\n\t\t\t\t\t\t\t\tdata-type=\"group\"\n\t\t\t\t\t\t\t\tdata-xy=\"xo:60px,43px,40px,20px;yo:170px,118px,220px,250px;\"\n\t\t\t\t\t\t\t\tdata-text=\"w:normal;s:20,14,10,6;l:0,18,13,8;\"\n\t\t\t\t\t\t\t\tdata-dim=\"w:520px,520px,343px,414px;h:714px,639px,541px,337px;\"\n\t\t\t\t\t\t\t\tdata-basealign=\"slide\"\n\t\t\t\t\t\t\t\tdata-rsp_o=\"off\"\n\t\t\t\t\t\t\t\tdata-rsp_bd=\"off\"\n\t\t\t\t\t\t\t\tdata-frame_0=\"x:NaNpx,NaN,NaN,NaN;y:NaNpx,NaN,NaN,NaN;o:1;\"\n\t\t\t\t\t\t\t\tdata-frame_1=\"x:NaNpx,NaN,NaN,NaN;y:NaNpx,NaN,NaN,NaN;\"\n\t\t\t\t\t\t\t\tdata-frame_999=\"o:0;st:w;sR:5700;sA:6000;\"\n\t\t\t\t\t\t\t\tstyle=\"z-index:6;\"\n\t\t\t\t\t\t\t><!--\n\t\t\t\t\t\t\t\t--><rs-layer\n\t\t\t\t\t\t\t\t\tid=\"slider-2-slide-2-layer-4\" \n\t\t\t\t\t\t\t\t\tdata-type=\"text\"\n\t\t\t\t\t\t\t\t\tdata-color=\"#161619\"\n\t\t\t\t\t\t\t\t\tdata-xy=\"xo:0,0,-4px,-2px;yo:-10px,-10px,-18px,-13px;\"\n\t\t\t\t\t\t\t\t\tdata-pos=\"a\"\n\t\t\t\t\t\t\t\t\tdata-text=\"w:normal;s:100,100,85,70;l:95,100,80,66;fw:600;\"\n\t\t\t\t\t\t\t\t\tdata-dim=\"w:auto,553px,553px,553px;h:auto,530px,677px,677px;\"\n\t\t\t\t\t\t\t\t\tdata-rsp_o=\"off\"\n\t\t\t\t\t\t\t\t\tdata-rsp_bd=\"off\"\n\t\t\t\t\t\t\t\t\tdata-frame_1=\"e:power4.inOut;sp:800;\"\n\t\t\t\t\t\t\t\t\tdata-frame_999=\"o:0;e:power4.inOut;st:w;sp:1000;sR:5200;\"\n\t\t\t\t\t\t\t\t\tstyle=\"z-index:9;font-family:function_pro, sans-serif;\"\n\t\t\t\t\t\t\t\t>Cr\u00e9ations <br>uniques, <br> H\u00e9ritage <br>in\u00e9gal\u00e9 \n\t\t\t\t\t\t\t\t<\/rs-layer><!--\n\n\t\t\t\t\t\t\t\t--><rs-layer\n\t\t\t\t\t\t\t\t\tid=\"slider-2-slide-2-layer-6\" \n\t\t\t\t\t\t\t\t\tdata-type=\"text\"\n\t\t\t\t\t\t\t\t\tdata-color=\"#161619\"\n\t\t\t\t\t\t\t\t\tdata-xy=\"yo:400px,428px,332px,135px;\"\n\t\t\t\t\t\t\t\t\tdata-pos=\"a\"\n\t\t\t\t\t\t\t\t\tdata-text=\"w:normal;s:16,12,12,12;l:24,17,12,7;fw:500;\"\n\t\t\t\t\t\t\t\t\tdata-vbility=\"t,t,t,f\"\n\t\t\t\t\t\t\t\t\tdata-rsp_o=\"off\"\n\t\t\t\t\t\t\t\t\tdata-rsp_bd=\"off\"\n\t\t\t\t\t\t\t\t\tdata-frame_1=\"e:power4.inOut;st:400;sp:800;sR:400;\"\n\t\t\t\t\t\t\t\t\tdata-frame_999=\"o:0;e:power4.inOut;st:w;sp:1000;sR:4800;\"\n\t\t\t\t\t\t\t\t\tstyle=\"z-index:8;font-family:function_pro, sans-serif;\"\n\t\t\t\t\t\t\t\t>Des pi\u00e8ces uniques qui racontent une histoire. <br \/>\nD\u00e9couvrez nos cr\u00e9ations fabriqu\u00e9es avec amour, honorant l'artisanat <br \/>\ntraditionnel s\u00e9n\u00e9galais tout en apportant une touche moderne \u00e0 votre style. \n\t\t\t\t\t\t\t\t<\/rs-layer><!--\n\n\t\t\t\t\t\t\t\t--><rs-layer\n\t\t\t\t\t\t\t\t\tid=\"slider-2-slide-2-layer-7\" \n\t\t\t\t\t\t\t\t\tclass=\"rev-btn\"\n\t\t\t\t\t\t\t\t\tdata-type=\"button\"\n\t\t\t\t\t\t\t\t\tdata-xy=\"yo:536px,506px,410px,281px;\"\n\t\t\t\t\t\t\t\t\tdata-pos=\"a\"\n\t\t\t\t\t\t\t\t\tdata-text=\"w:normal;s:12,11,11,9;l:60,45,40,34;fw:500;a:center;\"\n\t\t\t\t\t\t\t\t\tdata-dim=\"w:220px,170px,170px,120px;h:60,45px,40px,34px;minh:0,none,none,none;\"\n\t\t\t\t\t\t\t\t\tdata-rsp_o=\"off\"\n\t\t\t\t\t\t\t\t\tdata-rsp_bd=\"off\"\n\t\t\t\t\t\t\t\t\tdata-frame_1=\"e:power4.inOut;st:800;sp:800;sR:800;\"\n\t\t\t\t\t\t\t\t\tdata-frame_999=\"o:0;e:power4.inOut;st:w;sp:1000;sR:4400;\"\n\t\t\t\t\t\t\t\t\tdata-frame_hover=\"bgc:#000;bor:0px,0px,0px,0px;sp:350ms;e:power0.inOut;\"\n\t\t\t\t\t\t\t\t\tstyle=\"z-index:7;background-color:#161619;font-family:function_pro, sans-serif;text-transform:uppercase;\"\n\t\t\t\t\t\t\t\t>DECOUVRIR LA COLLECTION \n\t\t\t\t\t\t\t\t<\/rs-layer><!--\n\n\t\t\t\t\t\t\t\t--><rs-layer\n\t\t\t\t\t\t\t\t\tid=\"slider-2-slide-2-layer-8\" \n\t\t\t\t\t\t\t\t\tclass=\"rev-btn\"\n\t\t\t\t\t\t\t\t\tdata-type=\"button\"\n\t\t\t\t\t\t\t\t\tdata-color=\"#161619\"\n\t\t\t\t\t\t\t\t\tdata-xy=\"xo:240px,185px,180px,125px;yo:536px,506px,410px,281px;\"\n\t\t\t\t\t\t\t\t\tdata-pos=\"a\"\n\t\t\t\t\t\t\t\t\tdata-text=\"w:normal;s:12,11,11,9;l:58,44,39,33;a:center;\"\n\t\t\t\t\t\t\t\t\tdata-dim=\"w:170px,110px,110px,80px;h:60px,45px,40px,34px;minh:0,none,none,none;\"\n\t\t\t\t\t\t\t\t\tdata-rsp_o=\"off\"\n\t\t\t\t\t\t\t\t\tdata-rsp_bd=\"off\"\n\t\t\t\t\t\t\t\t\tdata-border=\"bos:solid;boc:#161619;bow:1px,1px,1px,1px;\"\n\t\t\t\t\t\t\t\t\tdata-frame_1=\"e:power4.inOut;st:800;sp:800;sR:800;\"\n\t\t\t\t\t\t\t\t\tdata-frame_999=\"o:0;e:power4.inOut;st:w;sp:1000;sR:4400;\"\n\t\t\t\t\t\t\t\t\tdata-frame_hover=\"c:#000;boc:#000;bor:0px,0px,0px,0px;bos:solid;bow:1px,1px,1px,1px;sp:200;e:power1.inOut;\"\n\t\t\t\t\t\t\t\t\tstyle=\"z-index:6;font-family:function_pro, sans-serif;text-transform:uppercase;\"\n\t\t\t\t\t\t\t\t>COMMANDER MAINTENANT \n\t\t\t\t\t\t\t\t<\/rs-layer><!--\n\t\t\t\t\t\t\t--><\/rs-group><!--\n-->\t\t\t\t\t\t<\/rs-slide>\n\t\t\t\t\t<\/rs-slides>\n\t\t\t\t<\/rs-module>\n\t\t\t\t<script>\n\t\t\t\t\tsetREVStartSize({c: 'rev_slider_2_2',rl:[1240,1024,778,480],el:[1125,768,960,720],gw:[1400,1024,778,480],gh:[1125,768,960,720],type:'hero',justify:'',layout:'fullscreen',offsetContainer:'',offset:'',mh:\"0\"});if (window.RS_MODULES!==undefined && window.RS_MODULES.modules!==undefined && window.RS_MODULES.modules[\"revslider22\"]!==undefined) {window.RS_MODULES.modules[\"revslider22\"].once = false;window.revapi2 = undefined;if (window.RS_MODULES.checkMinimal!==undefined) window.RS_MODULES.checkMinimal()}\n\t\t\t\t<\/script>\n\t\t\t<\/rs-module-wrap>\n\t\t\t<!-- END REVOLUTION SLIDER -->\n<\/div>\n\n\t\t\t\t<\/div>\n\t\t\t\t<\/div>\n\t\t\t\t\t<\/div>\n\t\t<\/div>\n\t\t\t\t\t\t\t<\/div>\n\t\t<\/section>\n\t\t\t\t<section class=\"elementor-section elementor-top-section elementor-element elementor-element-f3dee3a elementor-section-full_width elementor-section-height-default elementor-section-height-default\" data-id=\"f3dee3a\" data-element_type=\"section\">\n\t\t\t\t\t\t<div class=\"elementor-container elementor-column-gap-no\">\n\t\t\t\t\t<div class=\"elementor-column elementor-col-100 elementor-top-column elementor-element elementor-element-2cdb04e\" data-id=\"2cdb04e\" data-element_type=\"column\">\n\t\t\t<div class=\"elementor-widget-wrap elementor-element-populated\">\n\t\t\t\t\t\t\t\t<div class=\"elementor-element elementor-element-0c6a45a elementor-widget elementor-widget-slider_revolution\" data-id=\"0c6a45a\" data-element_type=\"widget\" data-widget_type=\"slider_revolution.default\">\n\t\t\t\t<div class=\"elementor-widget-container\">\n\t\t\t\n\t\t<div class=\"wp-block-themepunch-revslider\">\n\t\t\t<!-- START Section Parallax 3 REVOLUTION SLIDER 6.6.18 --><p class=\"rs-p-wp-fix\"><\/p>\n\t\t\t<rs-module-wrap id=\"rev_slider_3_3_wrapper\" data-source=\"gallery\" style=\"visibility:hidden;background:transparent;padding:0;\">\n\t\t\t\t<rs-module id=\"rev_slider_3_3\" style=\"\" data-version=\"6.6.18\">\n\t\t\t\t\t<rs-slides style=\"overflow: hidden; position: absolute;\">\n\t\t\t\t\t\t<rs-slide style=\"position: absolute;\" data-key=\"rs-3\" data-title=\"Slide\" data-in=\"o:0;\" data-out=\"a:false;\">\n\t\t\t\t\t\t\t<img decoding=\"async\" src=\"\/\/mbekkmi-style.groprotex.com\/wp-content\/plugins\/revslider\/public\/assets\/assets\/dummy.png\" alt=\"\" title=\"Bannie\u0300re Mbegg Mi Style 3\" width=\"1920\" height=\"1125\" class=\"rev-slidebg tp-rs-img rs-lazyload\" data-lazyload=\"\/\/mbekkmi-style.groprotex.com\/wp-content\/uploads\/2023\/12\/Banniere-Mbegg-Mi-Style-3.jpg\" data-parallax=\"3\" data-no-retina>\n<!--\n\t\t\t\t\t\t\t--><rs-group\n\t\t\t\t\t\t\t\tid=\"slider-3-slide-3-layer-5\" \n\t\t\t\t\t\t\t\tclass=\"rs-pxl-4\"\n\t\t\t\t\t\t\t\tdata-type=\"group\"\n\t\t\t\t\t\t\t\tdata-xy=\"xo:60px,40px,40px,20px;yo:170px,200px,220px,298px;\"\n\t\t\t\t\t\t\t\tdata-text=\"w:normal;s:20,14,10,6;l:0,18,13,8;\"\n\t\t\t\t\t\t\t\tdata-dim=\"w:520px,520px,343px,414px;h:696px,461px,402px,201px;\"\n\t\t\t\t\t\t\t\tdata-basealign=\"slide\"\n\t\t\t\t\t\t\t\tdata-rsp_o=\"off\"\n\t\t\t\t\t\t\t\tdata-rsp_bd=\"off\"\n\t\t\t\t\t\t\t\tdata-frame_0=\"x:NaNpx,NaN,NaN,NaN;y:NaNpx,NaN,NaN,NaN;o:1;\"\n\t\t\t\t\t\t\t\tdata-frame_1=\"x:NaNpx,NaN,NaN,NaN;y:NaNpx,NaN,NaN,NaN;\"\n\t\t\t\t\t\t\t\tdata-frame_999=\"o:0;st:w;sR:5700;sA:6000;\"\n\t\t\t\t\t\t\t\tstyle=\"z-index:6;\"\n\t\t\t\t\t\t\t><!--\n\t\t\t\t\t\t\t\t--><rs-layer\n\t\t\t\t\t\t\t\t\tid=\"slider-3-slide-3-layer-4\" \n\t\t\t\t\t\t\t\t\tdata-type=\"text\"\n\t\t\t\t\t\t\t\t\tdata-xy=\"xo:0,0,1px,-3px;yo:-38px,-86px,-87px,-143px;\"\n\t\t\t\t\t\t\t\t\tdata-pos=\"a\"\n\t\t\t\t\t\t\t\t\tdata-text=\"w:normal;s:110,75,70,50;l:90,90,80,66;fw:600;\"\n\t\t\t\t\t\t\t\t\tdata-dim=\"w:auto,auto,543px,543px;h:auto,auto,339px,276px;\"\n\t\t\t\t\t\t\t\t\tdata-rsp_o=\"off\"\n\t\t\t\t\t\t\t\t\tdata-rsp_bd=\"off\"\n\t\t\t\t\t\t\t\t\tdata-frame_1=\"e:power4.inOut;sp:800;\"\n\t\t\t\t\t\t\t\t\tdata-frame_999=\"o:0;e:power4.inOut;st:w;sp:1000;sR:5200;\"\n\t\t\t\t\t\t\t\t\tstyle=\"z-index:9;font-family:function_pro, sans-serif;\"\n\t\t\t\t\t\t\t\t>Rejoignez la <br>Communaut\u00e9 <br>Mbegg Mi <br>Style \n\t\t\t\t\t\t\t\t<\/rs-layer><!--\n\n\t\t\t\t\t\t\t\t--><rs-layer\n\t\t\t\t\t\t\t\t\tid=\"slider-3-slide-3-layer-6\" \n\t\t\t\t\t\t\t\t\tdata-type=\"text\"\n\t\t\t\t\t\t\t\t\tdata-xy=\"yo:358px,285px,256px,135px;\"\n\t\t\t\t\t\t\t\t\tdata-pos=\"a\"\n\t\t\t\t\t\t\t\t\tdata-text=\"w:normal;s:16,12,12,12;l:24,17,12,7;fw:500;\"\n\t\t\t\t\t\t\t\t\tdata-vbility=\"t,t,t,f\"\n\t\t\t\t\t\t\t\t\tdata-rsp_o=\"off\"\n\t\t\t\t\t\t\t\t\tdata-rsp_bd=\"off\"\n\t\t\t\t\t\t\t\t\tdata-frame_1=\"e:power4.inOut;st:400;sp:800;sR:400;\"\n\t\t\t\t\t\t\t\t\tdata-frame_999=\"o:0;e:power4.inOut;st:w;sp:1000;sR:4800;\"\n\t\t\t\t\t\t\t\t\tstyle=\"z-index:8;font-family:function_pro, sans-serif;\"\n\t\t\t\t\t\t\t\t>Soyez au c\u0153ur de la mode s\u00e9n\u00e9galaise. Rejoignez notre communaut\u00e9 <br \/>\npassionn\u00e9e de mode, o\u00f9 l'\u00e9l\u00e9gance, le raffinement et l'authenticit\u00e9 se <br \/>\nrencontrent pour cr\u00e9er un style qui vous sublime. \n\t\t\t\t\t\t\t\t<\/rs-layer><!--\n\n\t\t\t\t\t\t\t\t--><rs-layer\n\t\t\t\t\t\t\t\t\tid=\"slider-3-slide-3-layer-7\" \n\t\t\t\t\t\t\t\t\tclass=\"rev-btn\"\n\t\t\t\t\t\t\t\t\tdata-type=\"button\"\n\t\t\t\t\t\t\t\t\tdata-color=\"#000000\"\n\t\t\t\t\t\t\t\t\tdata-xy=\"xo:0,0,0,-1px;yo:477px,362px,331px,160px;\"\n\t\t\t\t\t\t\t\t\tdata-pos=\"a\"\n\t\t\t\t\t\t\t\t\tdata-text=\"w:normal;s:12,11,11,9;l:60,45,40,34;fw:500;a:center;\"\n\t\t\t\t\t\t\t\t\tdata-dim=\"w:220px,170px,170px,136px;h:60,45px,40px,35px;minh:0,none,none,none;\"\n\t\t\t\t\t\t\t\t\tdata-rsp_o=\"off\"\n\t\t\t\t\t\t\t\t\tdata-rsp_bd=\"off\"\n\t\t\t\t\t\t\t\t\tdata-frame_1=\"e:power4.inOut;st:800;sp:800;sR:800;\"\n\t\t\t\t\t\t\t\t\tdata-frame_999=\"o:0;e:power4.inOut;st:w;sp:1000;sR:4400;\"\n\t\t\t\t\t\t\t\t\tdata-frame_hover=\"c:#fff;bgc:#000;bor:0px,0px,0px,0px;sp:350ms;e:power0.inOut;\"\n\t\t\t\t\t\t\t\t\tstyle=\"z-index:7;background-color:#ffffff;font-family:function_pro, sans-serif;text-transform:uppercase;\"\n\t\t\t\t\t\t\t\t>DECOUVRIR LA COLLECTION \n\t\t\t\t\t\t\t\t<\/rs-layer><!--\n\n\t\t\t\t\t\t\t\t--><rs-layer\n\t\t\t\t\t\t\t\t\tid=\"slider-3-slide-3-layer-8\" \n\t\t\t\t\t\t\t\t\tclass=\"rev-btn\"\n\t\t\t\t\t\t\t\t\tdata-type=\"button\"\n\t\t\t\t\t\t\t\t\tdata-xy=\"xo:240px,185px,180px,144px;yo:477px,362px,331px,160px;\"\n\t\t\t\t\t\t\t\t\tdata-pos=\"a\"\n\t\t\t\t\t\t\t\t\tdata-text=\"w:normal;s:12,11,11,9;l:58,44,39,33;a:center;\"\n\t\t\t\t\t\t\t\t\tdata-dim=\"w:236px,191px,191px,125px;h:60px,46px,40px,35px;minh:0,none,none,none;\"\n\t\t\t\t\t\t\t\t\tdata-rsp_o=\"off\"\n\t\t\t\t\t\t\t\t\tdata-rsp_bd=\"off\"\n\t\t\t\t\t\t\t\t\tdata-border=\"bos:solid;boc:#ffffff;bow:1px,1px,1px,1px;\"\n\t\t\t\t\t\t\t\t\tdata-frame_1=\"e:power4.inOut;st:800;sp:800;sR:800;\"\n\t\t\t\t\t\t\t\t\tdata-frame_999=\"o:0;e:power4.inOut;st:w;sp:1000;sR:4400;\"\n\t\t\t\t\t\t\t\t\tdata-frame_hover=\"c:#000;boc:#000;bor:0px,0px,0px,0px;bos:solid;bow:1px,1px,1px,1px;sp:200;e:power1.inOut;\"\n\t\t\t\t\t\t\t\t\tstyle=\"z-index:6;font-family:function_pro, sans-serif;text-transform:uppercase;\"\n\t\t\t\t\t\t\t\t>COMMANDER MAINTENANT \n\t\t\t\t\t\t\t\t<\/rs-layer><!--\n\t\t\t\t\t\t\t--><\/rs-group><!--\n-->\t\t\t\t\t\t<\/rs-slide>\n\t\t\t\t\t<\/rs-slides>\n\t\t\t\t<\/rs-module>\n\t\t\t\t<script>\n\t\t\t\t\tsetREVStartSize({c: 'rev_slider_3_3',rl:[1240,1024,778,480],el:[1125,768,960,720],gw:[1400,1024,778,480],gh:[1125,768,960,720],type:'hero',justify:'',layout:'fullscreen',offsetContainer:'',offset:'',mh:\"0\"});if (window.RS_MODULES!==undefined && window.RS_MODULES.modules!==undefined && window.RS_MODULES.modules[\"revslider33\"]!==undefined) {window.RS_MODULES.modules[\"revslider33\"].once = false;window.revapi3 = undefined;if (window.RS_MODULES.checkMinimal!==undefined) window.RS_MODULES.checkMinimal()}\n\t\t\t\t<\/script>\n\t\t\t<\/rs-module-wrap>\n\t\t\t<!-- END REVOLUTION SLIDER -->\n<\/div>\n\n\t\t\t\t<\/div>\n\t\t\t\t<\/div>\n\t\t\t\t\t<\/div>\n\t\t<\/div>\n\t\t\t\t\t\t\t<\/div>\n\t\t<\/section>\n\t\t\t\t\t\t\t<\/div>\n\t\t","protected":false},"excerpt":{"rendered":"","protected":false},"author":1,"featured_media":0,"parent":0,"menu_order":0,"comment_status":"closed","ping_status":"closed","template":"","meta":{"footnotes":""},"jetpack_sharing_enabled":true,"_links":{"self":[{"href":"https:\/\/mbekkmi-style.groprotex.com\/index.php\/wp-json\/wp\/v2\/pages\/3002"}],"collection":[{"href":"https:\/\/mbekkmi-style.groprotex.com\/index.php\/wp-json\/wp\/v2\/pages"}],"about":[{"href":"https:\/\/mbekkmi-style.groprotex.com\/index.php\/wp-json\/wp\/v2\/types\/page"}],"author":[{"embeddable":true,"href":"https:\/\/mbekkmi-style.groprotex.com\/index.php\/wp-json\/wp\/v2\/users\/1"}],"replies":[{"embeddable":true,"href":"https:\/\/mbekkmi-style.groprotex.com\/index.php\/wp-json\/wp\/v2\/comments?post=3002"}],"version-history":[{"count":0,"href":"https:\/\/mbekkmi-style.groprotex.com\/index.php\/wp-json\/wp\/v2\/pages\/3002\/revisions"}],"wp:attachment":[{"href":"https:\/\/mbekkmi-style.groprotex.com\/index.php\/wp-json\/wp\/v2\/media?parent=3002"}],"curies":[{"name":"wp","href":"https:\/\/api.w.org\/{rel}","templated":true}]}}