{"id":131,"date":"2018-08-28T09:25:27","date_gmt":"2018-08-28T09:25:27","guid":{"rendered":"http:\/\/konte.uix.store\/elementor\/?page_id=131"},"modified":"2023-12-27T20:15:40","modified_gmt":"2023-12-27T19:15:40","slug":"a-propos-de-nous","status":"publish","type":"page","link":"https:\/\/mbekkmi-style.groprotex.com\/index.php\/a-propos-de-nous\/","title":{"rendered":"A Propos de Nous"},"content":{"rendered":"\t\t<div data-elementor-type=\"wp-page\" data-elementor-id=\"131\" class=\"elementor elementor-131\">\n\t\t\t\t\t\t\t\t\t<section class=\"elementor-section elementor-top-section elementor-element elementor-element-3afe87b9 elementor-section-boxed elementor-section-height-default elementor-section-height-default\" data-id=\"3afe87b9\" data-element_type=\"section\">\n\t\t\t\t\t\t<div class=\"elementor-container elementor-column-gap-default\">\n\t\t\t\t\t<div class=\"elementor-column elementor-col-100 elementor-top-column elementor-element elementor-element-55e26120\" data-id=\"55e26120\" data-element_type=\"column\">\n\t\t\t<div class=\"elementor-widget-wrap elementor-element-populated\">\n\t\t\t\t\t\t\t\t<div class=\"elementor-element elementor-element-591790a1 elementor-widget elementor-widget-heading\" data-id=\"591790a1\" data-element_type=\"widget\" data-widget_type=\"heading.default\">\n\t\t\t\t<div class=\"elementor-widget-container\">\n\t\t\t<style>\/*! elementor - v3.18.0 - 20-12-2023 *\/\n.elementor-heading-title{padding:0;margin:0;line-height:1}.elementor-widget-heading .elementor-heading-title[class*=elementor-size-]>a{color:inherit;font-size:inherit;line-height:inherit}.elementor-widget-heading .elementor-heading-title.elementor-size-small{font-size:15px}.elementor-widget-heading .elementor-heading-title.elementor-size-medium{font-size:19px}.elementor-widget-heading .elementor-heading-title.elementor-size-large{font-size:29px}.elementor-widget-heading .elementor-heading-title.elementor-size-xl{font-size:39px}.elementor-widget-heading .elementor-heading-title.elementor-size-xxl{font-size:59px}<\/style><h4 class=\"elementor-heading-title elementor-size-default\">Bienvenue chez Mbegg Mi Style - La quintessence du style s\u00e9n\u00e9galais<\/h4>\t\t<\/div>\n\t\t\t\t<\/div>\n\t\t\t\t<div class=\"elementor-element elementor-element-659e5c36 elementor-widget elementor-widget-text-editor\" data-id=\"659e5c36\" data-element_type=\"widget\" data-widget_type=\"text-editor.default\">\n\t\t\t\t<div class=\"elementor-widget-container\">\n\t\t\t<style>\/*! elementor - v3.18.0 - 20-12-2023 *\/\n.elementor-widget-text-editor.elementor-drop-cap-view-stacked .elementor-drop-cap{background-color:#69727d;color:#fff}.elementor-widget-text-editor.elementor-drop-cap-view-framed .elementor-drop-cap{color:#69727d;border:3px solid;background-color:transparent}.elementor-widget-text-editor:not(.elementor-drop-cap-view-default) .elementor-drop-cap{margin-top:8px}.elementor-widget-text-editor:not(.elementor-drop-cap-view-default) .elementor-drop-cap-letter{width:1em;height:1em}.elementor-widget-text-editor .elementor-drop-cap{float:left;text-align:center;line-height:1;font-size:50px}.elementor-widget-text-editor .elementor-drop-cap-letter{display:inline-block}<\/style>\t\t\t\t<p>Plongez dans l&#8217;histoire captivante qui a donn\u00e9 naissance \u00e0 Mbegg Mi Style. Tout a commenc\u00e9 comme un doux m\u00e9lange de passion, de cr\u00e9ativit\u00e9 et de d\u00e9termination. Laissez-nous vous emmener dans un voyage qui a d\u00e9but\u00e9 il y a plus d&#8217;une d\u00e9cennie, lorsque Abdou Diarra Ciss\u00e9 et son \u00e9pouse, encore \u00e9tudiants \u00e0 l&#8217;universit\u00e9, jonglaient entre leurs \u00e9tudes et divers petits boulots pour subvenir \u00e0 leurs besoins.<\/p><p>La v\u00e9ritable \u00e9tincelle est n\u00e9e des \u00e9loges adress\u00e9s \u00e0 Abdou pour ses magnifiques boubous s\u00e9n\u00e9galais, particuli\u00e8rement pour ses \u00e9l\u00e9gants &#8220;Turquie ndiarem&#8221;. C&#8217;est alors que l&#8217;id\u00e9e lumineuse a germ\u00e9 dans l&#8217;esprit de sa femme : pourquoi ne pas cr\u00e9er leur propre marque pour partager ces mod\u00e8les tant appr\u00e9ci\u00e9s ?<\/p><p>En 2012, avec une d\u00e9termination in\u00e9branlable et une modeste somme de 20 000 francs CFA chacun, ils ont lanc\u00e9 l&#8217;aventure entrepreneuriale. Le nom de la marque, &#8220;Mbegg Mi Style&#8221;, choisi par Abdou, incarne l&#8217;essence m\u00eame de leur vision. L&#8217;\u00e9pouse d&#8217;Abdou a apport\u00e9 sa touche finale avec le slogan accrocheur &#8220;La marque qui vous sublime&#8221;.<\/p><p>Initialement une petite entreprise familiale bas\u00e9e \u00e0 Dakar, Mbegg Mi Style a trac\u00e9 son chemin avec constance et d\u00e9votion. Chaque cr\u00e9ation t\u00e9moigne du style authentique s\u00e9n\u00e9galais, magnifiant la ma\u00eetrise du tissu et des mati\u00e8res par Abdou, sublim\u00e9e par le sens aiguis\u00e9 du marketing de sa femme.<\/p><p>Au fil des ann\u00e9es, notre passion pour l&#8217;artisanat s\u00e9n\u00e9galais et notre engagement envers l&#8217;authenticit\u00e9 ont propuls\u00e9 Mbegg Mi Style au sommet, faisant de nous une marque incontournable dans notre domaine.<\/p><p>Explorez notre collection pour d\u00e9couvrir l&#8217;\u00e9l\u00e9gance intemporelle des boubous &#8220;Turquie ndiarem&#8221; et bien plus encore. Chez Mbegg Mi Style, chaque couture raconte une histoire, chaque pi\u00e8ce incarne une tradition et chaque v\u00eatement vous transporte dans l&#8217;univers raffin\u00e9 de la mode s\u00e9n\u00e9galaise.<\/p><p>Rejoignez-nous et laissez-vous envo\u00fbter par l&#8217;essence m\u00eame du style s\u00e9n\u00e9galais, captur\u00e9e avec finesse par Mbegg Mi Style.<\/p>\t\t\t\t\t\t<\/div>\n\t\t\t\t<\/div>\n\t\t\t\t\t<\/div>\n\t\t<\/div>\n\t\t\t\t\t\t\t<\/div>\n\t\t<\/section>\n\t\t\t\t\t\t\t<\/div>\n\t\t","protected":false},"excerpt":{"rendered":"<p>Bienvenue chez Mbegg Mi Style &#8211; La quintessence du style s\u00e9n\u00e9galais Plongez dans l&#8217;histoire captivante qui a donn\u00e9 naissance \u00e0 Mbegg Mi Style. Tout a commenc\u00e9 comme un doux m\u00e9lange&hellip;<\/p>\n","protected":false},"author":1,"featured_media":3338,"parent":0,"menu_order":0,"comment_status":"closed","ping_status":"closed","template":"","meta":{"footnotes":""},"jetpack_sharing_enabled":true,"_links":{"self":[{"href":"https:\/\/mbekkmi-style.groprotex.com\/index.php\/wp-json\/wp\/v2\/pages\/131"}],"collection":[{"href":"https:\/\/mbekkmi-style.groprotex.com\/index.php\/wp-json\/wp\/v2\/pages"}],"about":[{"href":"https:\/\/mbekkmi-style.groprotex.com\/index.php\/wp-json\/wp\/v2\/types\/page"}],"author":[{"embeddable":true,"href":"https:\/\/mbekkmi-style.groprotex.com\/index.php\/wp-json\/wp\/v2\/users\/1"}],"replies":[{"embeddable":true,"href":"https:\/\/mbekkmi-style.groprotex.com\/index.php\/wp-json\/wp\/v2\/comments?post=131"}],"version-history":[{"count":8,"href":"https:\/\/mbekkmi-style.groprotex.com\/index.php\/wp-json\/wp\/v2\/pages\/131\/revisions"}],"predecessor-version":[{"id":3371,"href":"https:\/\/mbekkmi-style.groprotex.com\/index.php\/wp-json\/wp\/v2\/pages\/131\/revisions\/3371"}],"wp:featuredmedia":[{"embeddable":true,"href":"https:\/\/mbekkmi-style.groprotex.com\/index.php\/wp-json\/wp\/v2\/media\/3338"}],"wp:attachment":[{"href":"https:\/\/mbekkmi-style.groprotex.com\/index.php\/wp-json\/wp\/v2\/media?parent=131"}],"curies":[{"name":"wp","href":"https:\/\/api.w.org\/{rel}","templated":true}]}}